{"id":2492,"date":"2015-05-22T15:03:05","date_gmt":"2015-05-22T13:03:05","guid":{"rendered":"http:\/\/stenoverein-schleswig.de\/?page_id=2492"},"modified":"2016-01-06T07:14:00","modified_gmt":"2016-01-06T06:14:00","slug":"apple","status":"publish","type":"page","link":"https:\/\/stenoverein-schleswig.de\/?page_id=2492","title":{"rendered":"Apple"},"content":{"rendered":"<p>Sie besitzen einen iMac, ein Mac-Book, ein\u00a0iPad und\/oder iPhone\u00a0und m\u00f6chten ihre Ger\u00e4te besser kennen lernen und vielf\u00e4ltiger nutzen? Dann schauen Sie sich unser Spezial-Kursangebot an. Hier werden alle Ihre Fragen gekl\u00e4rt.<\/p>\n<p>Hardware und Betriebssystem stammen bei Apple aus einer Hand. Es macht viel Spa\u00df mit den Programmen zu arbeiten, denn Sie sind perfekt aufeinander abgestimmt.\u00a0 Lernen Sie bei uns, Ihre Ger\u00e4te optimal an Ihre Aufgaben anzupassen. Sie werden dabei vieles entdecken, was Ihnen das Leben mit Apple erleichtert und vers\u00fc\u00dft.\u00a0 Erkennen Sie, wie die Ger\u00e4te\u00a0\u201egemeint&#8220; sind und bleiben Sie mit\u00a0Software-Updates\u00a0auf dem Laufenden.<\/p>\n<p>.<\/p>\n","protected":false},"excerpt":{"rendered":"<p>Sie besitzen einen iMac, ein Mac-Book, ein\u00a0iPad und\/oder iPhone\u00a0und m\u00f6chten ihre Ger\u00e4te besser kennen lernen und vielf\u00e4ltiger nutzen? Dann schauen Sie sich unser Spezial-Kursangebot an. Hier werden alle Ihre Fragen gekl\u00e4rt. Hardware und Betriebssystem stammen bei Apple aus einer Hand. Es macht viel Spa\u00df mit den Programmen zu arbeiten, denn Sie sind perfekt aufeinander abgestimmt.\u00a0 [&hellip;]<\/p>\n","protected":false},"author":2,"featured_media":0,"parent":0,"menu_order":0,"comment_status":"closed","ping_status":"closed","template":"","meta":{"_bbp_topic_count":0,"_bbp_reply_count":0,"_bbp_total_topic_count":0,"_bbp_total_reply_count":0,"_bbp_voice_count":0,"_bbp_anonymous_reply_count":0,"_bbp_topic_count_hidden":0,"_bbp_reply_count_hidden":0,"_bbp_forum_subforum_count":0},"_links":{"self":[{"href":"https:\/\/stenoverein-schleswig.de\/index.php?rest_route=\/wp\/v2\/pages\/2492"}],"collection":[{"href":"https:\/\/stenoverein-schleswig.de\/index.php?rest_route=\/wp\/v2\/pages"}],"about":[{"href":"https:\/\/stenoverein-schleswig.de\/index.php?rest_route=\/wp\/v2\/types\/page"}],"author":[{"embeddable":true,"href":"https:\/\/stenoverein-schleswig.de\/index.php?rest_route=\/wp\/v2\/users\/2"}],"replies":[{"embeddable":true,"href":"https:\/\/stenoverein-schleswig.de\/index.php?rest_route=%2Fwp%2Fv2%2Fcomments&post=2492"}],"version-history":[{"count":5,"href":"https:\/\/stenoverein-schleswig.de\/index.php?rest_route=\/wp\/v2\/pages\/2492\/revisions"}],"predecessor-version":[{"id":2981,"href":"https:\/\/stenoverein-schleswig.de\/index.php?rest_route=\/wp\/v2\/pages\/2492\/revisions\/2981"}],"wp:attachment":[{"href":"https:\/\/stenoverein-schleswig.de\/index.php?rest_route=%2Fwp%2Fv2%2Fmedia&parent=2492"}],"curies":[{"name":"wp","href":"https:\/\/api.w.org\/{rel}","templated":true}]}}