{"id":2181,"date":"2015-03-01T21:38:20","date_gmt":"2015-03-01T20:38:20","guid":{"rendered":"http:\/\/schroeder-medien.com\/kunden\/web\/stenografenverein\/?page_id=2181"},"modified":"2015-03-01T21:47:14","modified_gmt":"2015-03-01T20:47:14","slug":"stenografie","status":"publish","type":"page","link":"https:\/\/stenoverein-schleswig.de\/?page_id=2181","title":{"rendered":"Stenografie"},"content":{"rendered":"<p><strong>\u00dcberall wird notiert und formuliert oder einfach eilig etwas aufgeschrieben.<\/strong> Und wer kommt schon ohne zuverl\u00e4ssige Ged\u00e4chtnisst\u00fctze aus, zum Beispiel um eine Idee, den Inhalt eines wichtigen Telefongespr\u00e4chs oder komplizierte Zusammenh\u00e4nge festzuhalten? Die Handschrift ist &#8211; trotz des Computers &#8211; immer noch &#8222;in&#8220;. Mit der Kurzschrift schreiben Sie schon nach kurzer Zeit doppelt so schnell wie mit der herk\u00f6mmlichen Handschrift. Steno\/Kurzschrift ist eine lebenslange Hilfe beim Notieren, Formulieren, Protokollieren und Mitschreiben. Nicht nur Sekret\u00e4rinnen und Schreibkr\u00e4fte, sondern auch Sch\u00fcler, Studenten und Sachbearbeiter sollten dieses rationelle Hilfsmittel f\u00fcr Schule, B\u00fcro und Alltag unbedingt kennen lernen.<\/p>\n<p><strong>Grundkurs Kurzschrift<\/strong><br \/>\nErlernen des Systems der Deutschen Einheitskurzschrift, erste Schnellschreib\u00fcbungen<\/p>\n<p>\u00dcbungsgemeinschaft Kurzschrift<br \/>\n&#8211; W\u00f6chentliches Training montagabends<br \/>\n&#8211; Wiederholung der Schreibregeln aus der Verkehrsschrift, Steigerung der Schreibfertigung, \u00dcben von Texten, W\u00f6rtern und Redewendungen, Erlernen von weitergehenden K\u00fcrzungen der Eilschrift<\/p>\n<p><strong>Stenografie &#8230; &#8222;Das braucht man doch gar nicht mehr!&#8220;<\/strong><br \/>\nSind Sie auch dieser Meinung? Zugegeben: Das Bild der Sekret\u00e4rin mit Bleistift und Stenoblock \u2013 auf dem Scho\u00df des Chefs? -: das ist Schnee von gestern. Aber: Jeder der die Kurzschrift anwendet, ist von dem Nutzen \u00fcberzeugt! Ob der Chef bei einer Besprechung oder beim Konzipieren eines Vortrages, die Sekret\u00e4rin f\u00fcr Gespr\u00e4chsnotizen oder bei Tagungen, der Student bei den Vorlesungen \u2013 oder die Hausfrau\/der Hausmann f\u00fcr den Einkaufszettel &#8211; einfach nur aus Spa\u00df -? Wenn man den Nutzen der Kurzschrift aufz\u00e4hlen m\u00f6chte, kann man sich nicht kurz fassen. Die Anwendungsbereiche sind vielf\u00e4ltig. Nutzen Sie die Chance und besuchen Sie einen Lehrgang. Sie werden fasziniert davon sein, etwas Besonderes zu erlernen!<\/p>\n","protected":false},"excerpt":{"rendered":"<p>\u00dcberall wird notiert und formuliert oder einfach eilig etwas aufgeschrieben. Und wer kommt schon ohne zuverl\u00e4ssige Ged\u00e4chtnisst\u00fctze aus, zum Beispiel um eine Idee, den Inhalt eines wichtigen Telefongespr\u00e4chs oder komplizierte Zusammenh\u00e4nge festzuhalten? Die Handschrift ist &#8211; trotz des Computers &#8211; immer noch &#8222;in&#8220;. Mit der Kurzschrift schreiben Sie schon nach kurzer Zeit doppelt so schnell [&hellip;]<\/p>\n","protected":false},"author":1,"featured_media":0,"parent":0,"menu_order":0,"comment_status":"closed","ping_status":"closed","template":"","meta":{"_bbp_topic_count":0,"_bbp_reply_count":0,"_bbp_total_topic_count":0,"_bbp_total_reply_count":0,"_bbp_voice_count":0,"_bbp_anonymous_reply_count":0,"_bbp_topic_count_hidden":0,"_bbp_reply_count_hidden":0,"_bbp_forum_subforum_count":0},"_links":{"self":[{"href":"https:\/\/stenoverein-schleswig.de\/index.php?rest_route=\/wp\/v2\/pages\/2181"}],"collection":[{"href":"https:\/\/stenoverein-schleswig.de\/index.php?rest_route=\/wp\/v2\/pages"}],"about":[{"href":"https:\/\/stenoverein-schleswig.de\/index.php?rest_route=\/wp\/v2\/types\/page"}],"author":[{"embeddable":true,"href":"https:\/\/stenoverein-schleswig.de\/index.php?rest_route=\/wp\/v2\/users\/1"}],"replies":[{"embeddable":true,"href":"https:\/\/stenoverein-schleswig.de\/index.php?rest_route=%2Fwp%2Fv2%2Fcomments&post=2181"}],"version-history":[{"count":2,"href":"https:\/\/stenoverein-schleswig.de\/index.php?rest_route=\/wp\/v2\/pages\/2181\/revisions"}],"predecessor-version":[{"id":2183,"href":"https:\/\/stenoverein-schleswig.de\/index.php?rest_route=\/wp\/v2\/pages\/2181\/revisions\/2183"}],"wp:attachment":[{"href":"https:\/\/stenoverein-schleswig.de\/index.php?rest_route=%2Fwp%2Fv2%2Fmedia&parent=2181"}],"curies":[{"name":"wp","href":"https:\/\/api.w.org\/{rel}","templated":true}]}}