{"id":2174,"date":"2015-03-01T21:34:13","date_gmt":"2015-03-01T20:34:13","guid":{"rendered":"http:\/\/schroeder-medien.com\/kunden\/web\/stenografenverein\/?page_id=2174"},"modified":"2015-03-01T21:47:46","modified_gmt":"2015-03-01T20:47:46","slug":"computerkurse","status":"publish","type":"page","link":"https:\/\/stenoverein-schleswig.de\/?page_id=2174","title":{"rendered":"Computerkurse"},"content":{"rendered":"<p>Ob Kurse in Word, Excel, Internet, Windows, Access, Scannen, Neue Rechtschreibung &#8211; unser Angebot ist vielf\u00e4ltig und ber\u00fccksichtigt den Leistungsstand bzw. den Bedarf der TeilnehmerInnen:<\/p>\n<ul>\n<li>Grund-\/Aufbaukurse<\/li>\n<li>Sonderkurse f\u00fcr Profis<\/li>\n<li>Hausfrauen- und Seniorenkurse<\/li>\n<li>Kids-\/Sch\u00fclerkurse<\/li>\n<\/ul>\n<p><strong>Nach Absprache werden auch spezielle Kurse durchgef\u00fchrt (Sonderlehrg\u00e4nge).<\/strong><\/p>\n","protected":false},"excerpt":{"rendered":"<p>Ob Kurse in Word, Excel, Internet, Windows, Access, Scannen, Neue Rechtschreibung &#8211; unser Angebot ist vielf\u00e4ltig und ber\u00fccksichtigt den Leistungsstand bzw. den Bedarf der TeilnehmerInnen: Grund-\/Aufbaukurse Sonderkurse f\u00fcr Profis Hausfrauen- und Seniorenkurse Kids-\/Sch\u00fclerkurse Nach Absprache werden auch spezielle Kurse durchgef\u00fchrt (Sonderlehrg\u00e4nge).<\/p>\n","protected":false},"author":1,"featured_media":0,"parent":0,"menu_order":0,"comment_status":"closed","ping_status":"closed","template":"","meta":{"_bbp_topic_count":0,"_bbp_reply_count":0,"_bbp_total_topic_count":0,"_bbp_total_reply_count":0,"_bbp_voice_count":0,"_bbp_anonymous_reply_count":0,"_bbp_topic_count_hidden":0,"_bbp_reply_count_hidden":0,"_bbp_forum_subforum_count":0},"_links":{"self":[{"href":"https:\/\/stenoverein-schleswig.de\/index.php?rest_route=\/wp\/v2\/pages\/2174"}],"collection":[{"href":"https:\/\/stenoverein-schleswig.de\/index.php?rest_route=\/wp\/v2\/pages"}],"about":[{"href":"https:\/\/stenoverein-schleswig.de\/index.php?rest_route=\/wp\/v2\/types\/page"}],"author":[{"embeddable":true,"href":"https:\/\/stenoverein-schleswig.de\/index.php?rest_route=\/wp\/v2\/users\/1"}],"replies":[{"embeddable":true,"href":"https:\/\/stenoverein-schleswig.de\/index.php?rest_route=%2Fwp%2Fv2%2Fcomments&post=2174"}],"version-history":[{"count":2,"href":"https:\/\/stenoverein-schleswig.de\/index.php?rest_route=\/wp\/v2\/pages\/2174\/revisions"}],"predecessor-version":[{"id":2176,"href":"https:\/\/stenoverein-schleswig.de\/index.php?rest_route=\/wp\/v2\/pages\/2174\/revisions\/2176"}],"wp:attachment":[{"href":"https:\/\/stenoverein-schleswig.de\/index.php?rest_route=%2Fwp%2Fv2%2Fmedia&parent=2174"}],"curies":[{"name":"wp","href":"https:\/\/api.w.org\/{rel}","templated":true}]}}