{"id":2172,"date":"2015-03-01T21:32:40","date_gmt":"2015-03-01T20:32:40","guid":{"rendered":"http:\/\/schroeder-medien.com\/kunden\/web\/stenografenverein\/?page_id=2172"},"modified":"2015-03-01T21:47:29","modified_gmt":"2015-03-01T20:47:29","slug":"tastschreiben","status":"publish","type":"page","link":"https:\/\/stenoverein-schleswig.de\/?page_id=2172","title":{"rendered":"Tastschreiben"},"content":{"rendered":"<p>Mit Recht fordern Verantwortliche aus Wirtschaft und Politik, dass Sch\u00fcler und Jugendliche schon fr\u00fchzeitig den Umgang mit dem Computer und den Informationsaustausch \u00fcber das Internet erlernen m\u00fcssten. Diese sinnvolle Forderung sollte aber dadurch erg\u00e4nzt werden, dass die Sch\u00fclerinnen und Sch\u00fcler von Anfang an die richtigen Arbeitstechniken am Computer einsetzen und dadurch rationell bedienen sollten.<\/p>\n<p>Wer das 10-Finger-Tastschreiben (Maschinenschreiben am PC) anwendet, spart enorm viel Zeit und schont die Gesundheit. Beim Tastschreiben nimmt der Anwender eine ergonomisch g\u00fcnstige Haltung ein: Er sitzt aufrecht, die Arme sind angewinkelt und die Augen auf die Vorlage gerichtet. Durch diese Haltung werden Verspannungen der R\u00fcckenmuskulatur und eine Erkrankung der Lendenwirbels\u00e4ule vermieden. Die Augen werden dadurch geschont, weil sie nicht st\u00e4ndig zwischen Vorlage, Tastatur und Bildschirm wechseln m\u00fcssen.<\/p>\n<p>Das 10-Finger-Tastschreiben f\u00f6rdert durch das buchstabierende Schreiben die Deutschkenntnisse, weil der Wortaufbau bewusst vollzogen wird. Spezielle \u00dcbungen verbessern zudem die Rechtschreibkenntnisse. Das ist ein weiterer positiver Aspekt des Tastschreibens.<\/p>\n<p>Wie viel Zeit geht in den B\u00fcros durch eine umst\u00e4ndliche Texterfassung verloren? Wie viel k\u00f6nnte durch eine rationelle Texterfassung eingespart werden? Durch das 10-Finger-Tastschreiben ist ein Kosten sparendes Arbeiten m\u00f6glich.<\/p>\n<p>Bitte beachten Sie unser Kursangebot.<\/p>\n","protected":false},"excerpt":{"rendered":"<p>Mit Recht fordern Verantwortliche aus Wirtschaft und Politik, dass Sch\u00fcler und Jugendliche schon fr\u00fchzeitig den Umgang mit dem Computer und den Informationsaustausch \u00fcber das Internet erlernen m\u00fcssten. Diese sinnvolle Forderung sollte aber dadurch erg\u00e4nzt werden, dass die Sch\u00fclerinnen und Sch\u00fcler von Anfang an die richtigen Arbeitstechniken am Computer einsetzen und dadurch rationell bedienen sollten. Wer [&hellip;]<\/p>\n","protected":false},"author":1,"featured_media":0,"parent":0,"menu_order":0,"comment_status":"closed","ping_status":"closed","template":"","meta":{"_bbp_topic_count":0,"_bbp_reply_count":0,"_bbp_total_topic_count":0,"_bbp_total_reply_count":0,"_bbp_voice_count":0,"_bbp_anonymous_reply_count":0,"_bbp_topic_count_hidden":0,"_bbp_reply_count_hidden":0,"_bbp_forum_subforum_count":0},"_links":{"self":[{"href":"https:\/\/stenoverein-schleswig.de\/index.php?rest_route=\/wp\/v2\/pages\/2172"}],"collection":[{"href":"https:\/\/stenoverein-schleswig.de\/index.php?rest_route=\/wp\/v2\/pages"}],"about":[{"href":"https:\/\/stenoverein-schleswig.de\/index.php?rest_route=\/wp\/v2\/types\/page"}],"author":[{"embeddable":true,"href":"https:\/\/stenoverein-schleswig.de\/index.php?rest_route=\/wp\/v2\/users\/1"}],"replies":[{"embeddable":true,"href":"https:\/\/stenoverein-schleswig.de\/index.php?rest_route=%2Fwp%2Fv2%2Fcomments&post=2172"}],"version-history":[{"count":1,"href":"https:\/\/stenoverein-schleswig.de\/index.php?rest_route=\/wp\/v2\/pages\/2172\/revisions"}],"predecessor-version":[{"id":2173,"href":"https:\/\/stenoverein-schleswig.de\/index.php?rest_route=\/wp\/v2\/pages\/2172\/revisions\/2173"}],"wp:attachment":[{"href":"https:\/\/stenoverein-schleswig.de\/index.php?rest_route=%2Fwp%2Fv2%2Fmedia&parent=2172"}],"curies":[{"name":"wp","href":"https:\/\/api.w.org\/{rel}","templated":true}]}}