{"id":2170,"date":"2015-03-01T21:30:33","date_gmt":"2015-03-01T20:30:33","guid":{"rendered":"http:\/\/schroeder-medien.com\/kunden\/web\/stenografenverein\/?page_id=2170"},"modified":"2025-11-23T10:27:51","modified_gmt":"2025-11-23T09:27:51","slug":"agb","status":"publish","type":"page","link":"https:\/\/stenoverein-schleswig.de\/?page_id=2170","title":{"rendered":"AGB\/Satzung"},"content":{"rendered":"<h2><strong>Allgemeine Gesch\u00e4ftsbedingungen<\/strong><\/h2>\n<ol>\n<li><strong>An-\/Abmeldeschluss:<\/strong> 2 Tage vor Kursbeginn.<\/li>\n<li>Die <strong>Kursgeb\u00fchren<\/strong> sind zu \u00fcberweisen.<\/li>\n<li>Eine <strong>Mitgliedschaft<\/strong> ist f\u00fcr den Besuch der Kurse nicht erforderlich. Mitglieder erhalten jedoch bei allen Kursen eine Erm\u00e4\u00dfigung von 25 % bzw. Sonderpreise.<\/li>\n<li><strong>\u00dcbungsgemeinschaften<\/strong> sind f\u00fcr Mitglieder geb\u00fchrenfrei, wenn der Mitgliedsbeitrag entrichtet wurde.<\/li>\n<li><strong>Anmeldebest\u00e4tigungen<\/strong> werden &#8211; sofern eine E-Mail-Adresse bekannt ist &#8211; per E-Mail verschickt.\u00a0 Sollte der von Ihnen gew\u00e4hlte Kurs bereits belegt sein oder ausfallen, werden Sie benachrichtigt.<\/li>\n<li>Bei <strong>Abbruch<\/strong> des Kurses durch den\/die Teilnehmer\/in werden keine Kursgeb\u00fchren erstattet. Kursgeb\u00fchren werden nur erstattet, wenn der Kurs vom Stenografenverein Schleswig abgesagt wird. Ein R\u00fccktritt von der Anmeldung muss sp\u00e4testens einen Tag vor dem zweiten Veranstaltungstermin schriftlich vorliegen. Das Fernbleiben vom Kurs gilt nicht als Abmeldung.<\/li>\n<li>Kurse werden nur dann durchgef\u00fchrt, wenn sie kostendeckend sind. \u00dcber Ausnahmen entscheidet der Vorstand.<\/li>\n<li>Sinkt die Teilnehmerzahl unter sechs, kann ein Kurs vom Stenografenverein Schleswig abgesagt werden. Die Geb\u00fchren werden dann anteilig berechnet.<\/li>\n<li>F\u00fcr alle Veranstaltungen mit <strong>eingeschr\u00e4nktem R\u00fccktrittsrecht<\/strong> gilt folgende Regelung: Die Abmeldung muss schriftlich (per Post oder per E-Mail) sp\u00e4testens vier Tage vor Kursbeginn eingegangen sein.<\/li>\n<li>Die Nichteinhaltung der Abmeldefrist verpflichtet zur Zahlung des vollen Preises. In begr\u00fcndeten Einzelf\u00e4llen ist eine anteilige R\u00fcckerstattung m\u00f6glich.<\/li>\n<li><strong>Teilnahmebescheinigungen<\/strong> werden bei regelm\u00e4\u00dfigem Besuch des Unterrichts (mind. 80 %) und auf Wunsch des Teilnehmenden ausgestellt.<\/li>\n<li><strong>Leistungsbescheinigungen<\/strong> werden gegen Geb\u00fchr von 75 EUR je Pr\u00fcfung abgenommen (10-Minuten-Abschriften, Briefgestaltung, Kurzschrift, Textverarbeitung usw.). Die Bewertung erfolgt nach den Bestimmungen der Industrie- und Handelskammer bzw. des Deutschen Stenografenbundes.<\/li>\n<li>Der Stenografenverein haftet nicht f\u00fcr Sch\u00e4den (Unfall, Sachschaden, Diebstahl usw.), die w\u00e4hrend des Unterrichts\/der Veranstaltung oder auf dem Hin- und R\u00fcckweg entstehen.<\/li>\n<\/ol>\n<h2><strong>Allgemeine Informationen<\/strong><\/h2>\n<ul>\n<li>Der Stenografenverein Schleswig ist gemeinn\u00fctzig, wird ehrenamtlich gef\u00fchrt und arbeitet ohne \u00f6ffentliche Zusch\u00fcsse.<\/li>\n<li>In den Schulferien findet grunds\u00e4tzlich kein Unterricht statt.<\/li>\n<\/ul>\n<h2><strong>Mitgliedsbeitr\u00e4ge<\/strong><\/h2>\n<table width=\"631\">\n<tbody>\n<tr>\n<td width=\"177\"><strong>Mitglieder:<\/strong><\/td>\n<td width=\"91\"><\/td>\n<td style=\"text-align: right;\" width=\"91\">\u00a0 7,00 EUR<\/td>\n<\/tr>\n<tr>\n<td width=\"177\"><strong>Familienbeitrag<a href=\"#_ftn1\" name=\"_ftnref1\">[1]<\/a>:<\/strong><\/td>\n<td width=\"91\"><\/td>\n<td style=\"text-align: right;\" width=\"91\">12,00 EUR<\/td>\n<\/tr>\n<tr>\n<td width=\"177\"><strong>Jugendliche:<a href=\"#_ftn2\" name=\"_ftnref2\">[2]<\/a><\/strong><\/td>\n<td width=\"91\"><\/td>\n<td style=\"text-align: right;\" width=\"91\">\u00a0 5,00 EUR<\/td>\n<\/tr>\n<tr>\n<td width=\"177\"><strong>Aufnahmegeb\u00fchr:<\/strong><\/td>\n<td width=\"91\">einmalig<\/td>\n<td style=\"text-align: right;\" width=\"91\">10,00 EUR<\/td>\n<\/tr>\n<\/tbody>\n<\/table>\n<p><a href=\"#_ftnref1\" name=\"_ftn1\">[1]<\/a> Ehepartner, Lebensgemeinschaften, Einzelpersonen mit Kindern o. \u00c4.<\/p>\n<p><a href=\"#_ftnref2\" name=\"_ftn2\">[2]<\/a> 17-J\u00e4hrige ohne eigenes Einkommen<\/p>\n<h2><strong>Abnahme von Schreibleistungsnachweisen (Stand Oktober 2025)<\/strong><\/h2>\n<p>Die Abnahme erfolgt nach den Bedingungen der IHK Flensburg. Schreibzeit: 10 Minuten<br \/>\nAls Textvorlage ist ein mittelschwerer Text aus dem Wirtschaftsleben abzuschreiben. W\u00e4hrend der Arbeitszeit darf korrigiert werden.<\/p>\n<table width=\"631\">\n<tbody>\n<tr>\n<td width=\"190\">Geb\u00fchr f\u00fcr die Ausstellung einer Leistungsbescheinigung<\/td>\n<td style=\"text-align: right;\" width=\"91\">75,00 EUR<\/td>\n<\/tr>\n<tr>\n<td width=\"177\">&#8211; f\u00fcr Mitglieder<\/td>\n<td style=\"text-align: right;\" width=\"91\">35,00 EUR<\/td>\n<\/tr>\n<tr>\n<td width=\"177\">Besuch eines \u00dcbungsabends ohne Abnahme<\/td>\n<td style=\"text-align: right;\" width=\"91\">6,00 EUR<\/td>\n<\/tr>\n<tr>\n<td width=\"177\">10er Karte \u00dcG + Steno<\/td>\n<td style=\"text-align: right;\" width=\"91\">60,00 EUR<\/td>\n<\/tr>\n<tr>\n<td width=\"177\">10er-Karte PC-Club<\/td>\n<td style=\"text-align: right;\" width=\"91\">87,00 EUR<\/td>\n<\/tr>\n<tr>\n<td width=\"177\">Mitgliedschaft ab 1. Januar 2018 monatlich<\/td>\n<td style=\"text-align: right;\" width=\"91\">7,00 EUR<\/td>\n<\/tr>\n<\/tbody>\n<\/table>\n<p><strong>Info:<\/strong> <a href=\"https:\/\/stenoverein-schleswig.de\/wp-content\/uploads\/2025\/09\/Hinweise-Leistungsbescheinigung-Homepage-2025-09-09.pdf\">Hinweise Leistungsbescheinigung<\/a><br \/>\nAuf Wunsch kann der Pr\u00fcfungstermin auch im Schulungsraum des Stenografenvereins abgelegt werden.<\/p>\n<p><strong>Termine siehe Homepage &#8211; Startseite<\/strong><\/p>\n<h2><strong>Satzung Stenografenverein Schleswig von 1895 e. V.<\/strong><\/h2>\n<p>Bitte klicken Sie <a href=\"https:\/\/stenoverein-schleswig.de\/wp-content\/uploads\/2022\/08\/Satzung2022-1.pdf\">hier<\/a> (Stand: 2022&#8211;1).<\/p>\n<p>&nbsp;<\/p>\n","protected":false},"excerpt":{"rendered":"<p>Allgemeine Gesch\u00e4ftsbedingungen An-\/Abmeldeschluss: 2 Tage vor Kursbeginn. Die Kursgeb\u00fchren sind zu \u00fcberweisen. Eine Mitgliedschaft ist f\u00fcr den Besuch der Kurse nicht erforderlich. Mitglieder erhalten jedoch bei allen Kursen eine Erm\u00e4\u00dfigung von 25 % bzw. Sonderpreise. \u00dcbungsgemeinschaften sind f\u00fcr Mitglieder geb\u00fchrenfrei, wenn der Mitgliedsbeitrag entrichtet wurde. Anmeldebest\u00e4tigungen werden &#8211; sofern eine E-Mail-Adresse bekannt ist &#8211; per [&hellip;]<\/p>\n","protected":false},"author":1,"featured_media":0,"parent":0,"menu_order":0,"comment_status":"closed","ping_status":"closed","template":"","meta":{"_bbp_topic_count":0,"_bbp_reply_count":0,"_bbp_total_topic_count":0,"_bbp_total_reply_count":0,"_bbp_voice_count":0,"_bbp_anonymous_reply_count":0,"_bbp_topic_count_hidden":0,"_bbp_reply_count_hidden":0,"_bbp_forum_subforum_count":0},"_links":{"self":[{"href":"https:\/\/stenoverein-schleswig.de\/index.php?rest_route=\/wp\/v2\/pages\/2170"}],"collection":[{"href":"https:\/\/stenoverein-schleswig.de\/index.php?rest_route=\/wp\/v2\/pages"}],"about":[{"href":"https:\/\/stenoverein-schleswig.de\/index.php?rest_route=\/wp\/v2\/types\/page"}],"author":[{"embeddable":true,"href":"https:\/\/stenoverein-schleswig.de\/index.php?rest_route=\/wp\/v2\/users\/1"}],"replies":[{"embeddable":true,"href":"https:\/\/stenoverein-schleswig.de\/index.php?rest_route=%2Fwp%2Fv2%2Fcomments&post=2170"}],"version-history":[{"count":75,"href":"https:\/\/stenoverein-schleswig.de\/index.php?rest_route=\/wp\/v2\/pages\/2170\/revisions"}],"predecessor-version":[{"id":6551,"href":"https:\/\/stenoverein-schleswig.de\/index.php?rest_route=\/wp\/v2\/pages\/2170\/revisions\/6551"}],"wp:attachment":[{"href":"https:\/\/stenoverein-schleswig.de\/index.php?rest_route=%2Fwp%2Fv2%2Fmedia&parent=2170"}],"curies":[{"name":"wp","href":"https:\/\/api.w.org\/{rel}","templated":true}]}}