{"id":2162,"date":"2015-02-26T23:05:51","date_gmt":"2015-02-26T22:05:51","guid":{"rendered":"http:\/\/schroeder-medien.com\/kunden\/web\/stenografenverein\/?page_id=2162"},"modified":"2025-12-21T11:52:51","modified_gmt":"2025-12-21T10:52:51","slug":"uebungsgruppen","status":"publish","type":"page","link":"https:\/\/stenoverein-schleswig.de\/?page_id=2162","title":{"rendered":"\u00dcbungsgruppen"},"content":{"rendered":"<p><a href=\"https:\/\/stenoverein-schleswig.de\/wp-content\/uploads\/2025\/11\/2025-Uebungsgemeinschaften.pdf\">\u00dcbungsgemeinschaften<\/a><\/p>\n<p>Alle Trainingstermine der \u00dcbungsgemeinschaften<\/p>\n<p><a href=\"https:\/\/stenoverein-schleswig.de\/wp-content\/uploads\/2022\/12\/Stenotermine_1.-Halbjahr-2023.pdf\">Stenotermine<\/a><\/p>\n<p><strong>\u00dcbungsgemeinschaft Tastschreiben (TA)\/Textbearbeitung und -gestaltung (TBG):<\/strong><br \/>\n<a href=\"https:\/\/stenoverein-schleswig.de\/wp-content\/uploads\/2025\/12\/Trainingstermine-2026-1.-Halbjahr.pdf\" target=\"_blank\" rel=\"noopener noreferrer\"><strong>Trainingstermine 2026-1. Halbjahr<\/strong><\/a><br \/>\n<ul class=\"g1-grid\"><li class=\"g1-column g1-one-half g1-valign-top\"><\/li><!-- --><\/p>\n","protected":false},"excerpt":{"rendered":"<p>\u00dcbungsgemeinschaften Alle Trainingstermine der \u00dcbungsgemeinschaften Stenotermine \u00dcbungsgemeinschaft Tastschreiben (TA)\/Textbearbeitung und -gestaltung (TBG): Trainingstermine 2026-1. Halbjahr<\/p>\n","protected":false},"author":1,"featured_media":0,"parent":0,"menu_order":0,"comment_status":"closed","ping_status":"closed","template":"","meta":{"_bbp_topic_count":0,"_bbp_reply_count":0,"_bbp_total_topic_count":0,"_bbp_total_reply_count":0,"_bbp_voice_count":0,"_bbp_anonymous_reply_count":0,"_bbp_topic_count_hidden":0,"_bbp_reply_count_hidden":0,"_bbp_forum_subforum_count":0},"_links":{"self":[{"href":"https:\/\/stenoverein-schleswig.de\/index.php?rest_route=\/wp\/v2\/pages\/2162"}],"collection":[{"href":"https:\/\/stenoverein-schleswig.de\/index.php?rest_route=\/wp\/v2\/pages"}],"about":[{"href":"https:\/\/stenoverein-schleswig.de\/index.php?rest_route=\/wp\/v2\/types\/page"}],"author":[{"embeddable":true,"href":"https:\/\/stenoverein-schleswig.de\/index.php?rest_route=\/wp\/v2\/users\/1"}],"replies":[{"embeddable":true,"href":"https:\/\/stenoverein-schleswig.de\/index.php?rest_route=%2Fwp%2Fv2%2Fcomments&post=2162"}],"version-history":[{"count":66,"href":"https:\/\/stenoverein-schleswig.de\/index.php?rest_route=\/wp\/v2\/pages\/2162\/revisions"}],"predecessor-version":[{"id":6562,"href":"https:\/\/stenoverein-schleswig.de\/index.php?rest_route=\/wp\/v2\/pages\/2162\/revisions\/6562"}],"wp:attachment":[{"href":"https:\/\/stenoverein-schleswig.de\/index.php?rest_route=%2Fwp%2Fv2%2Fmedia&parent=2162"}],"curies":[{"name":"wp","href":"https:\/\/api.w.org\/{rel}","templated":true}]}}