{"id":2150,"date":"2015-02-26T21:44:48","date_gmt":"2015-02-26T20:44:48","guid":{"rendered":"http:\/\/schroeder-medien.com\/kunden\/web\/stenografenverein\/?page_id=2150"},"modified":"2025-10-13T19:08:00","modified_gmt":"2025-10-13T17:08:00","slug":"ueber-uns","status":"publish","type":"page","link":"https:\/\/stenoverein-schleswig.de\/?page_id=2150","title":{"rendered":"\u00dcber uns"},"content":{"rendered":"<p>Der Stenografenverein Schleswig von 1895 e. V. wurde am 23. August 1895 gegr\u00fcndet. Wir hei\u00dfen Stenografenverein, sind aber weitaus mehr als ein Stenografenverein. Seit 1895 widmen wir uns dem Unterricht, und zwar nicht nur der Stenografie, sondern allen schreibtechnischen F\u00e4chern. Unsere Kurse k\u00f6nnen auch von Nichtmitgliedern besucht werden. F\u00fcr Mitglieder bieten wir au\u00dferdem Trainingsm\u00f6glichkeiten zur Steigerung der Schreibfertigkeit. Gepr\u00fcfte und engagierte Fachkr\u00e4fte gew\u00e4hrleisten einen praxisnahen und modernen Unterricht.<\/p>\n<h2 style=\"text-align: left;\">\u25a0<strong> Unser Unterrichtsangebot<\/strong><\/h2>\n<p>Traditionell Kurzschrift und Zehn-Finger-Tastschreiben (fr\u00fcher hie\u00df es Maschinenschreiben) sowie g\u00e4ngige PC-Anwendungsprogramme, Umschulungsma\u00dfnahmen f\u00fcr die Agentur f\u00fcr Arbeit, Europa-Sekret\u00e4rinnenseminare.<\/p>\n<h2>\u25a0<strong> Veranstaltungen<\/strong><\/h2>\n<p>Regionale und \u00fcberregionale Wettschreiben f\u00fcr Mitglieder &#8211; teilweise auch \u00f6ffentlich &#8211; mit Pr\u00e4mierung der Arbeiten, die den bundeseinheitlichen Wettschreibbedingungen entsprechen. Kurzschriftwettbewerbe, Wettbewerbe im Tastschreiben, Textbearbeitung und -gestaltung, professionelle Textverarbeitung bei regelm\u00e4\u00dfigen Fr\u00fchjahrs- und Herbstschreiben, Teilnahme an Deutschen Meisterschaften, Verbandsmeisterschaften, Bundesjugendschreiben und Weltmeisterschaften.<\/p>\n<ul class=\"g1-grid\"><li class=\"g1-column g1-one-half g1-valign-top\">\n<h2>\u25a0<strong> Der Vorstand<br \/>\n<\/strong><\/h2>\n<p><strong>\u00a0<\/strong>Gundula Schulz, 25813 Schwesing<\/p>\n<p>Melanie Kraft, 24782 Rickert<\/p>\n<p>Janina Schmidt, 24837 Schleswig<\/p>\n<p>Anja Manke, 24837 Schleswig<\/p>\n<p>Dr. Kristian Lass, 24146 Kiel<\/p>\n<\/li><!-- -->\n<li class=\"g1-column g1-one-half g1-valign-top\">\n<h2>\u25a0<strong> Erweiterter Vorstand<\/strong><\/h2>\n<p><strong>Beisitzerin<\/strong><br \/>\nMareen Badeja<\/p>\n<p><strong>Ehrenmitglied<\/strong><br \/>\nKarl-Heinz Wiggers<\/p>\n<\/li><!-- --><\/ul>\n<h2>\u25a0 <strong>History<\/strong><\/h2>\n<p>1985 Ausrichtung der Deutschen Meisterschaften in Schleswig mit 800 Teilnehmern, 1995 Ausrichtung der Norddeutschen Meisterschaften anl\u00e4sslich des 100-j\u00e4hrigen Vereinsjubil\u00e4ums. Bundespokalschreiben 2004 in Schleswig, 2010 Ausrichtung der Norddeutschen Meisterschaften.<\/p>\n","protected":false},"excerpt":{"rendered":"<p>Der Stenografenverein Schleswig von 1895 e. V. wurde am 23. August 1895 gegr\u00fcndet. Wir hei\u00dfen Stenografenverein, sind aber weitaus mehr als ein Stenografenverein. Seit 1895 widmen wir uns dem Unterricht, und zwar nicht nur der Stenografie, sondern allen schreibtechnischen F\u00e4chern. Unsere Kurse k\u00f6nnen auch von Nichtmitgliedern besucht werden. F\u00fcr Mitglieder bieten wir au\u00dferdem Trainingsm\u00f6glichkeiten zur [&hellip;]<\/p>\n","protected":false},"author":1,"featured_media":0,"parent":0,"menu_order":0,"comment_status":"closed","ping_status":"closed","template":"","meta":{"_bbp_topic_count":0,"_bbp_reply_count":0,"_bbp_total_topic_count":0,"_bbp_total_reply_count":0,"_bbp_voice_count":0,"_bbp_anonymous_reply_count":0,"_bbp_topic_count_hidden":0,"_bbp_reply_count_hidden":0,"_bbp_forum_subforum_count":0},"_links":{"self":[{"href":"https:\/\/stenoverein-schleswig.de\/index.php?rest_route=\/wp\/v2\/pages\/2150"}],"collection":[{"href":"https:\/\/stenoverein-schleswig.de\/index.php?rest_route=\/wp\/v2\/pages"}],"about":[{"href":"https:\/\/stenoverein-schleswig.de\/index.php?rest_route=\/wp\/v2\/types\/page"}],"author":[{"embeddable":true,"href":"https:\/\/stenoverein-schleswig.de\/index.php?rest_route=\/wp\/v2\/users\/1"}],"replies":[{"embeddable":true,"href":"https:\/\/stenoverein-schleswig.de\/index.php?rest_route=%2Fwp%2Fv2%2Fcomments&post=2150"}],"version-history":[{"count":28,"href":"https:\/\/stenoverein-schleswig.de\/index.php?rest_route=\/wp\/v2\/pages\/2150\/revisions"}],"predecessor-version":[{"id":6516,"href":"https:\/\/stenoverein-schleswig.de\/index.php?rest_route=\/wp\/v2\/pages\/2150\/revisions\/6516"}],"wp:attachment":[{"href":"https:\/\/stenoverein-schleswig.de\/index.php?rest_route=%2Fwp%2Fv2%2Fmedia&parent=2150"}],"curies":[{"name":"wp","href":"https:\/\/api.w.org\/{rel}","templated":true}]}}